{"id":1294,"date":"2024-03-22T15:18:11","date_gmt":"2024-03-22T14:18:11","guid":{"rendered":"https:\/\/szablon.nfhotel.usermd.net\/?page_id=1294"},"modified":"2025-01-28T11:32:03","modified_gmt":"2025-01-28T10:32:03","slug":"kontakt","status":"publish","type":"page","link":"https:\/\/zgorzelec-noclegi.pl\/en\/kontakt\/","title":{"rendered":"Contact"},"content":{"rendered":"","protected":false},"excerpt":{"rendered":"","protected":false},"author":3,"featured_media":0,"parent":0,"menu_order":0,"comment_status":"closed","ping_status":"closed","template":"","meta":{"_acf_changed":false,"footnotes":""},"class_list":["post-1294","page","type-page","status-publish","hentry"],"acf":[],"yoast_head":"<!-- This site is optimized with the Yoast SEO plugin v24.2 - https:\/\/yoast.com\/wordpress\/plugins\/seo\/ -->\n<title>Zgorzelec Noclegi -<\/title>\n<meta name=\"description\" content=\"Skontaktuj si\u0119 z nami, aby uzyska\u0107 wi\u0119cej informacji lub dokona\u0107 rezerwacji w Apartamentach Nyskich lub 3 Budget Stay w Zgorzelcu.\" \/>\n<meta name=\"robots\" content=\"index, follow, max-snippet:-1, max-image-preview:large, max-video-preview:-1\" \/>\n<link rel=\"canonical\" href=\"https:\/\/zgorzelec-noclegi.pl\/en\/kontakt\/\" \/>\n<meta property=\"og:locale\" content=\"en_GB\" \/>\n<meta property=\"og:type\" content=\"article\" \/>\n<meta property=\"og:title\" content=\"Zgorzelec Noclegi -\" \/>\n<meta property=\"og:description\" content=\"Skontaktuj si\u0119 z nami, aby uzyska\u0107 wi\u0119cej informacji lub dokona\u0107 rezerwacji w Apartamentach Nyskich lub 3 Budget Stay w Zgorzelcu.\" \/>\n<meta property=\"og:url\" content=\"https:\/\/zgorzelec-noclegi.pl\/en\/kontakt\/\" \/>\n<meta property=\"og:site_name\" content=\"Zgorzelec Noclegi\" \/>\n<meta property=\"article:publisher\" content=\"https:\/\/www.facebook.com\/3BSZgorzelec\/\" \/>\n<meta property=\"article:modified_time\" content=\"2025-01-28T10:32:03+00:00\" \/>\n<meta name=\"twitter:card\" content=\"summary_large_image\" \/>\n<meta name=\"twitter:label1\" content=\"Estimated reading time\" \/>\n\t<meta name=\"twitter:data1\" content=\"1 minute\" \/>\n<script type=\"application\/ld+json\" class=\"yoast-schema-graph\">{\"@context\":\"https:\/\/schema.org\",\"@graph\":[{\"@type\":\"WebPage\",\"@id\":\"https:\/\/zgorzelec-noclegi.pl\/kontakt\/\",\"url\":\"https:\/\/zgorzelec-noclegi.pl\/kontakt\/\",\"name\":\"Zgorzelec Noclegi -\",\"isPartOf\":{\"@id\":\"https:\/\/zgorzelec-noclegi.pl\/#website\"},\"datePublished\":\"2024-03-22T14:18:11+00:00\",\"dateModified\":\"2025-01-28T10:32:03+00:00\",\"description\":\"Skontaktuj si\u0119 z nami, aby uzyska\u0107 wi\u0119cej informacji lub dokona\u0107 rezerwacji w Apartamentach Nyskich lub 3 Budget Stay w Zgorzelcu.\",\"breadcrumb\":{\"@id\":\"https:\/\/zgorzelec-noclegi.pl\/kontakt\/#breadcrumb\"},\"inLanguage\":\"en-GB\",\"potentialAction\":[{\"@type\":\"ReadAction\",\"target\":[\"https:\/\/zgorzelec-noclegi.pl\/kontakt\/\"]}]},{\"@type\":\"BreadcrumbList\",\"@id\":\"https:\/\/zgorzelec-noclegi.pl\/kontakt\/#breadcrumb\",\"itemListElement\":[{\"@type\":\"ListItem\",\"position\":1,\"name\":\"Strona g\u0142\u00f3wna\",\"item\":\"https:\/\/zgorzelec-noclegi.pl\/\"},{\"@type\":\"ListItem\",\"position\":2,\"name\":\"Kontakt\"}]},{\"@type\":\"WebSite\",\"@id\":\"https:\/\/zgorzelec-noclegi.pl\/#website\",\"url\":\"https:\/\/zgorzelec-noclegi.pl\/\",\"name\":\"Zgorzelec Noclegi\",\"description\":\"\",\"publisher\":{\"@id\":\"https:\/\/zgorzelec-noclegi.pl\/#organization\"},\"potentialAction\":[{\"@type\":\"SearchAction\",\"target\":{\"@type\":\"EntryPoint\",\"urlTemplate\":\"https:\/\/zgorzelec-noclegi.pl\/?s={search_term_string}\"},\"query-input\":{\"@type\":\"PropertyValueSpecification\",\"valueRequired\":true,\"valueName\":\"search_term_string\"}}],\"inLanguage\":\"en-GB\"},{\"@type\":\"Organization\",\"@id\":\"https:\/\/zgorzelec-noclegi.pl\/#organization\",\"name\":\"Zgorzelec Noclegi\",\"url\":\"https:\/\/zgorzelec-noclegi.pl\/\",\"logo\":{\"@type\":\"ImageObject\",\"inLanguage\":\"en-GB\",\"@id\":\"https:\/\/zgorzelec-noclegi.pl\/#\/schema\/logo\/image\/\",\"url\":\"\",\"contentUrl\":\"\",\"caption\":\"Zgorzelec Noclegi\"},\"image\":{\"@id\":\"https:\/\/zgorzelec-noclegi.pl\/#\/schema\/logo\/image\/\"},\"sameAs\":[\"https:\/\/www.facebook.com\/3BSZgorzelec\/\"]}]}<\/script>\n<!-- \/ Yoast SEO plugin. -->","yoast_head_json":{"title":"Zgorzelec Noclegi -","description":"Skontaktuj si\u0119 z nami, aby uzyska\u0107 wi\u0119cej informacji lub dokona\u0107 rezerwacji w Apartamentach Nyskich lub 3 Budget Stay w Zgorzelcu.","robots":{"index":"index","follow":"follow","max-snippet":"max-snippet:-1","max-image-preview":"max-image-preview:large","max-video-preview":"max-video-preview:-1"},"canonical":"https:\/\/zgorzelec-noclegi.pl\/en\/kontakt\/","og_locale":"en_GB","og_type":"article","og_title":"Zgorzelec Noclegi -","og_description":"Skontaktuj si\u0119 z nami, aby uzyska\u0107 wi\u0119cej informacji lub dokona\u0107 rezerwacji w Apartamentach Nyskich lub 3 Budget Stay w Zgorzelcu.","og_url":"https:\/\/zgorzelec-noclegi.pl\/en\/kontakt\/","og_site_name":"Zgorzelec Noclegi","article_publisher":"https:\/\/www.facebook.com\/3BSZgorzelec\/","article_modified_time":"2025-01-28T10:32:03+00:00","twitter_card":"summary_large_image","twitter_misc":{"Estimated reading time":"1 minute"},"schema":{"@context":"https:\/\/schema.org","@graph":[{"@type":"WebPage","@id":"https:\/\/zgorzelec-noclegi.pl\/kontakt\/","url":"https:\/\/zgorzelec-noclegi.pl\/kontakt\/","name":"Zgorzelec Noclegi -","isPartOf":{"@id":"https:\/\/zgorzelec-noclegi.pl\/#website"},"datePublished":"2024-03-22T14:18:11+00:00","dateModified":"2025-01-28T10:32:03+00:00","description":"Skontaktuj si\u0119 z nami, aby uzyska\u0107 wi\u0119cej informacji lub dokona\u0107 rezerwacji w Apartamentach Nyskich lub 3 Budget Stay w Zgorzelcu.","breadcrumb":{"@id":"https:\/\/zgorzelec-noclegi.pl\/kontakt\/#breadcrumb"},"inLanguage":"en-GB","potentialAction":[{"@type":"ReadAction","target":["https:\/\/zgorzelec-noclegi.pl\/kontakt\/"]}]},{"@type":"BreadcrumbList","@id":"https:\/\/zgorzelec-noclegi.pl\/kontakt\/#breadcrumb","itemListElement":[{"@type":"ListItem","position":1,"name":"Strona g\u0142\u00f3wna","item":"https:\/\/zgorzelec-noclegi.pl\/"},{"@type":"ListItem","position":2,"name":"Kontakt"}]},{"@type":"WebSite","@id":"https:\/\/zgorzelec-noclegi.pl\/#website","url":"https:\/\/zgorzelec-noclegi.pl\/","name":"Zgorzelec Noclegi","description":"","publisher":{"@id":"https:\/\/zgorzelec-noclegi.pl\/#organization"},"potentialAction":[{"@type":"SearchAction","target":{"@type":"EntryPoint","urlTemplate":"https:\/\/zgorzelec-noclegi.pl\/?s={search_term_string}"},"query-input":{"@type":"PropertyValueSpecification","valueRequired":true,"valueName":"search_term_string"}}],"inLanguage":"en-GB"},{"@type":"Organization","@id":"https:\/\/zgorzelec-noclegi.pl\/#organization","name":"Zgorzelec Noclegi","url":"https:\/\/zgorzelec-noclegi.pl\/","logo":{"@type":"ImageObject","inLanguage":"en-GB","@id":"https:\/\/zgorzelec-noclegi.pl\/#\/schema\/logo\/image\/","url":"","contentUrl":"","caption":"Zgorzelec Noclegi"},"image":{"@id":"https:\/\/zgorzelec-noclegi.pl\/#\/schema\/logo\/image\/"},"sameAs":["https:\/\/www.facebook.com\/3BSZgorzelec\/"]}]}},"_links":{"self":[{"href":"https:\/\/zgorzelec-noclegi.pl\/en\/wp-json\/wp\/v2\/pages\/1294","targetHints":{"allow":["GET"]}}],"collection":[{"href":"https:\/\/zgorzelec-noclegi.pl\/en\/wp-json\/wp\/v2\/pages"}],"about":[{"href":"https:\/\/zgorzelec-noclegi.pl\/en\/wp-json\/wp\/v2\/types\/page"}],"author":[{"embeddable":true,"href":"https:\/\/zgorzelec-noclegi.pl\/en\/wp-json\/wp\/v2\/users\/3"}],"replies":[{"embeddable":true,"href":"https:\/\/zgorzelec-noclegi.pl\/en\/wp-json\/wp\/v2\/comments?post=1294"}],"version-history":[{"count":1,"href":"https:\/\/zgorzelec-noclegi.pl\/en\/wp-json\/wp\/v2\/pages\/1294\/revisions"}],"predecessor-version":[{"id":1295,"href":"https:\/\/zgorzelec-noclegi.pl\/en\/wp-json\/wp\/v2\/pages\/1294\/revisions\/1295"}],"wp:attachment":[{"href":"https:\/\/zgorzelec-noclegi.pl\/en\/wp-json\/wp\/v2\/media?parent=1294"}],"curies":[{"name":"wp","href":"https:\/\/api.w.org\/{rel}","templated":true}]}}